{"id":83,"date":"2016-12-19T15:54:53","date_gmt":"2016-12-19T15:54:53","guid":{"rendered":"http:\/\/xn--hundepensionzoitzmhle-qic.apps-1and1.net\/?page_id=83"},"modified":"2016-12-19T16:01:17","modified_gmt":"2016-12-19T16:01:17","slug":"startseite","status":"publish","type":"page","link":"https:\/\/xn--hundepension-zoitzmhle-bmc.de\/","title":{"rendered":""},"content":{"rendered":"<div class=\"page\" title=\"Page 2\">\n<div class=\"section\">\n<div class=\"layoutArea\">\n<div class=\"column\">\n<h6>Bringen Sie Ihren Hund zu uns &#8211; w\u00e4hrend Ihrer Arbeit, Termine, Eink\u00e4ufe oder wenn Sie auf Reisen, zur Kur oder krank sind.<\/h6>\n<\/div>\n<\/div>\n<div class=\"layoutArea\">\n<div class=\"column\">\n<p>Hier ist Ihr Hund nicht allein, sondern kann mit Artgenossen nach Herzenslust spielen und toben. Er wird individuell, liebevoll und kompetent betreut. Die Unterbringung der Hunde erfolgt bei sozialvertr\u00e4glichen Tieren in kleinen Gruppen, die je nach Alter und Temperament zusammenpassen.<\/p>\n<p>Eine separierte Einzelbetreuung ist begrenzt jedoch auch m\u00f6glich.<\/p>\n<p>Auf Ihren Vierbeiner warten helle, ger\u00e4umige und beheizbare Unterk\u00fcnfte mit gro\u00dfz\u00fcgigem und abwechslungsreichem Auslauf, die f\u00fcr Wohlbefinden sorgen. T\u00e4gliche Spazierg\u00e4nge in naturnaher Umgebung mit Badem\u00f6glichkeit runden das Tagesprogramm ab.<\/p>\n<\/div>\n<\/div>\n<\/div>\n<\/div>\n","protected":false},"excerpt":{"rendered":"<p>Bringen Sie Ihren Hund zu uns &#8211; w\u00e4hrend Ihrer Arbeit, Termine, Eink\u00e4ufe oder wenn Sie auf Reisen, zur Kur oder krank sind. Hier ist Ihr Hund nicht allein, sondern kann mit Artgenossen nach Herzenslust spielen und toben. Er wird individuell, liebevoll und kompetent betreut. Die Unterbringung der Hunde erfolgt bei sozialvertr\u00e4glichen Tieren in kleinen Gruppen, &hellip; <\/p>\n<p class=\"link-more\"><a href=\"https:\/\/xn--hundepension-zoitzmhle-bmc.de\/\" class=\"more-link\"><span class=\"screen-reader-text\">\u201e\u201c <\/span>weiterlesen<\/a><\/p>\n","protected":false},"author":1,"featured_media":0,"parent":0,"menu_order":0,"comment_status":"closed","ping_status":"closed","template":"","meta":{"footnotes":""},"class_list":["post-83","page","type-page","status-publish","hentry"],"_links":{"self":[{"href":"https:\/\/xn--hundepension-zoitzmhle-bmc.de\/index.php?rest_route=\/wp\/v2\/pages\/83","targetHints":{"allow":["GET"]}}],"collection":[{"href":"https:\/\/xn--hundepension-zoitzmhle-bmc.de\/index.php?rest_route=\/wp\/v2\/pages"}],"about":[{"href":"https:\/\/xn--hundepension-zoitzmhle-bmc.de\/index.php?rest_route=\/wp\/v2\/types\/page"}],"author":[{"embeddable":true,"href":"https:\/\/xn--hundepension-zoitzmhle-bmc.de\/index.php?rest_route=\/wp\/v2\/users\/1"}],"replies":[{"embeddable":true,"href":"https:\/\/xn--hundepension-zoitzmhle-bmc.de\/index.php?rest_route=%2Fwp%2Fv2%2Fcomments&post=83"}],"version-history":[{"count":5,"href":"https:\/\/xn--hundepension-zoitzmhle-bmc.de\/index.php?rest_route=\/wp\/v2\/pages\/83\/revisions"}],"predecessor-version":[{"id":259,"href":"https:\/\/xn--hundepension-zoitzmhle-bmc.de\/index.php?rest_route=\/wp\/v2\/pages\/83\/revisions\/259"}],"wp:attachment":[{"href":"https:\/\/xn--hundepension-zoitzmhle-bmc.de\/index.php?rest_route=%2Fwp%2Fv2%2Fmedia&parent=83"}],"curies":[{"name":"wp","href":"https:\/\/api.w.org\/{rel}","templated":true}]}}