{"id":32,"date":"2016-12-16T14:43:30","date_gmt":"2016-12-16T14:43:30","guid":{"rendered":"http:\/\/xn--hundepensionzoitzmhle-qic.apps-1and1.net\/?page_id=32"},"modified":"2022-01-09T19:17:14","modified_gmt":"2022-01-09T19:17:14","slug":"agb","status":"publish","type":"page","link":"https:\/\/xn--hundepension-zoitzmhle-bmc.de\/?page_id=32","title":{"rendered":"Allgemeine Gesch\u00e4ftsbedingungen"},"content":{"rendered":"<div class=\"page\" title=\"Page 1\">\n<div class=\"layoutArea\">\n<div class=\"column\">\n<h3>AGB \u2013 Allgemeine Gesch\u00e4ftsbedingungen der Hundepension Zoitzm\u00fchle<\/h3>\n<h6>1. Allgemeines<\/h6>\n<p>Die Gesch\u00e4ftsbedingungen der Hundepension Zoitzm\u00fchle, im folgenden auch Tierbetreuer genannt, gelten sowohl f\u00fcr Gasthunde der Hundepension als auch f\u00fcr Hunde in der Tagesbetreuung.<br \/>F\u00fcr die Aufnahme und Betreuung Ihres Hundes in der Hundepension Zoitzm\u00fchle sind der Abschluss eines Betreuungsvertrages sowie Angaben zum Hund notwendig.<\/p>\n<h6>2. Aufnahme<\/h6>\n<p>Der Hundehalter gibt seinen Hund auf eigene Gefahr in die Betreuung der Hundepension Zoitzm\u00fchle. W\u00e4hrend dieser Zeit bleibt der Hundehalter \/ Eigent\u00fcmer Tierhalter im Sinne von \u00a7 833 BGB (Tierhaltergef\u00e4hrdungshaftung). Eine aktuelle Versicherungsbest\u00e4tigung ist vorzulegen, die best\u00e4tigt, dass f\u00fcr den zu betreuenden Hund eine g\u00fcltige Hundehalterhaftpflichtversicherung besteht. L\u00e4ufige H\u00fcndinnen sowie sozial unvertr\u00e4gliche Hunde k\u00f6nnen nicht aufgenommen werden. Die Betreuung von unkastrierten R\u00fcden ist nur in Einzelf\u00e4llen m\u00f6glich.<\/p>\n<h6>3. Krankheiten<\/h6>\n<p>Der Tierhalter versichert, dass sein Tier frei von ansteckenden Krankheiten und schutzgeimpft ist. Alle bekannten Krankheiten und ben\u00f6tigten Medikamente werden im Betreuungsvertrag wahrheitsgem\u00e4\u00df aufgef\u00fchrt. Der Tierhalter versichert auch, dass sein Hund gegen Tollwut, Staupe, Hepatitis, Parvovirose und Lepospirose geimpft ist (5-fach Impfung), regelm\u00e4\u00dfig entwurmt wurde und frei von <a href=\"https:\/\/de.wikipedia.org\/wiki\/Giardiose_des_Hundes\" target=\"_blank\" rel=\"noopener\">Giardien<\/a>\u00a0ist. Ein Nachweis sowie die Vorlage des Impfpasses sind Voraussetzung f\u00fcr die Unterbringung. Die Hundepension \u00fcbernimmt keine Haftung f\u00fcr eine Erkrankung w\u00e4hrend des Betreuungszeitraumes.<\/p>\n<h6>4. Akute Notf\u00e4lle \/ Tierarztbesuche<\/h6>\n<p>Besteht die Notwendigkeit eines nicht lebensbedrohlichen Tierarztbesuches, so erfolgt dieser nur nach vorheriger Absprache mit dem Tierhalter. In akuten Notf\u00e4llen ist der Tierbetreuer berechtigt, sofort den n\u00e4chst gelegenen Tierarzt beziehungsweise den tier\u00e4rztlichen Notdienst oder eine Tierklinik aufzusuchen und nowendige Behandlungen durchf\u00fchren zu lassen. Mit der Unterschrift der Vollmacht im Betreuungsvertrag wird dies best\u00e4tigt. Der Sinn und Nutzen der Behandlung obliegt dem Tierarzt. Der Tierbetreuer haftet nicht f\u00fcr Behandlungsfehler.<\/p>\n<p>Die Kosten f\u00fcr tier\u00e4rztliche Behandlungen sowie zus\u00e4tzliche Aufwandskosten f\u00fcr den Tierbetreuer tr\u00e4gt der Tierhalter.<\/p>\n<h6>5. Betreuung und Leistungen<\/h6>\n<\/div>\n<\/div>\n<\/div>\n<div class=\"page\" title=\"Page 2\">\n<div class=\"layoutArea\">\n<div class=\"column\">\n<p>Die Hunde werden in Gruppen unter Ber\u00fccksichtigung von Gr\u00f6\u00dfe, Alter und Vertr\u00e4glichkeit betreut. Das Team der Hundepension Zoitzm\u00fchle verpflichtet sich Ihren Hund liebevoll, art- und verhaltensgerecht zu behandeln, das Tierschutzgesetz sowie dessen Nebenbestimmungen zu beachten. Eine Verletzung der Betreuungsleistung liegt nicht vor, wenn ein Hund bei Unver- tr\u00e4glichkeit oder vor\u00fcbergehend in einem der hierf\u00fcr vorgesehenen Ausl\u00e4ufe untergebracht wird. Zu den Inklusivleistungen der Tierbetreuung geh\u00f6ren F\u00fctterung, gegebenenfalls Medikamentengabe, Reinigung und Desinfektion, Energie- und Wasserkosten und Abfallentsorgung. Exklusivleistungen k\u00f6nnen nach Absprache gegen Aufpreis vereinbart werden.<\/p>\n<h6>6. Futter<\/h6>\n<p>Um unn\u00f6tige Unruhe in der Gruppe zu vermeiden, werden die Hunde in der Tagesbetreuung zu Hause gef\u00fcttert. F\u00fcr die Pensionshunde stellt der Tierhalter das Futter f\u00fcr den gesamten Betreuungszeitraum zur Verf\u00fcgung. Nach Absprache kann das Futter auch vom Tierbetreuer besorgt werden. Die Auslagen werden vom Tierhalter erstattet.<\/p>\n<h6>7. Haftung<\/h6>\n<p>Aufgrund der Gruppenhaltung bzw. des Gruppenauslaufes, mit dem Ziel innerartlichen Sozialkontakt zuzulassen, besteht auch hier die Gefahr, dass Hunde trotz bester Aufsicht Verletzungen davon tragen. Hierf\u00fcr \u00fcbernimmt die Hundepension Zoitzm\u00fchle keine Haftung.<br \/>Der Tierhalter haftet f\u00fcr alle von seinen Tieren verursachten Sch\u00e4den. Der Tierhalter stellt den Tierbetreuer hiermit von s\u00e4mtlichen Anspr\u00fcchen Dritter aus \u00a7 834 BGB frei. F\u00fcr Sch\u00e4den, die das Tier w\u00e4hrend der vereinbarten Zeit erleiden k\u00f6nnte, \u00fcbernimmt der Tierbetreuer keine Haftung, es sei denn, der Tierbetreuer handelt vors\u00e4tzlich oder grob fahrl\u00e4ssig. Die Haftung des Tierbetreuers wird ausdr\u00fccklich auf Vorsatz und grobe Fahrl\u00e4ssigkeit beschr\u00e4nkt. Die Haftung des Tierbetreuers f\u00fcr entlaufene Tiere \/ Tod \/ Ansteckung \/ Verletzung ist ebenfalls auf Vorsatz und grobe Fahrl\u00e4ssigkeit beschr\u00e4nkt.<\/p>\n<p>Die Hundepension haftet nicht f\u00fcr mitgebrachte Gegenst\u00e4nde.<br \/>Dem Hundehalter ist bekannt, dass l\u00e4ufige H\u00fcndinnen nicht aufgenommen werden. Sollte ein Hundehalter eine l\u00e4ufige H\u00fcndin in Pension geben und dies verschweigen, wird f\u00fcr m\u00f6gliche Folgen keine Haftung \u00fcbernommen. Entstehende Kosten gehen zu Lasten des Hundehalters.<\/p>\n<h6>8. Preise<\/h6>\n<p>Die Preise gelten wie im Betreuungsvertrag angegeben und sind im Voraus zu bezahlen.<br \/>Im Preis ist die gesetzliche Mehrwertsteuer enthalten.<br \/>Pauschalpreise beziehen sich auf einen festen Betreuungszeitraum.<\/p>\n<p>Der Bringtag z\u00e4hlt als voller Pensionstag. Der Abholetag z\u00e4hlt nur dann nicht als Pensionstag, wenn der Hund bis 10.00 Uhr abgeholt wurde.<\/p>\n<\/div>\n<div>\u00a0<\/div>\n<div>\u00a0<\/div>\n<div class=\"column\">\n<h6>9. Vorzeitige Vertragsbeendigung<\/h6>\n<p><span style=\"font-size: 1rem;\">Sollte der Hundehalter den Vertrag bzw. den Aufenthalt seines Hundes vorzeitig beenden, erfolgt keine R\u00fcckerstattung bzw. Preisminderung.<\/span><\/p>\n<\/div>\n<\/div>\n<\/div>\n<div class=\"page\" title=\"Page 3\">\n<div class=\"layoutArea\">\n<div class=\"column\">F\u00fcr den Fall, dass der untergebrachte Hund w\u00e4hrend der Dauer der Betreuung erkranken sollte bzw. er sich den anderen Hunden der Tierpension gegen\u00fcber als aggressiv zeigt oder andere Probleme bzw. Unarten auftreten, sodass eine weitere Betreuung nicht zumutbar ist, ist die Hundepension berechtigt den Vertrag vorzeitig durch schriftliche oder m\u00fcndliche Erkl\u00e4rung dem Hundehalter zu k\u00fcndigen. Die Unterbringungskosten sind dann anteilsm\u00e4\u00dfig zu k\u00fcrzen und zu erstatten.<\/div>\n<div class=\"column\">\n<h6>\u00a0<\/h6>\n<h6>10. Abholung<\/h6>\n<p>Soll der Hund durch eine andere Person als dem Halter \/ Eigent\u00fcmer selbst abgeholt werden, ist dies dem Tierbetreuer zu best\u00e4tigen bzw. im Betreuungsvertrag zu vermerken.<br \/>Wird ein Tier nicht zum vereinbarten Zeitpunkt abgeholt und wurde die Aufenthaltsdauer nicht verl\u00e4ngert, ist die Hundepension berechtigt, den Hund nach einer \u00dcbergangszeit von 5 Tagen in einem Tierheim oder anderweitig abzugeben. S\u00e4mtliche anfallende Kosten gehen zu Lasten des Hundehalters und werden diesem in Rechnung gestellt.<\/p>\n<h6>11. Allgemeine Bestimmungen<\/h6>\n<p>Die pers\u00f6nlichen Vertragsdaten unterliegen dem Datenschutz und werden nicht an Dritte weitergegeben. Die Daten dienen ausschlie\u00dflich der Vetragserf\u00fcllung.<br \/>Der Hundehalter stimmt der Ver\u00f6ffentlichung von Fotoaufnahmen seines Tieres, die in der Tierpension gemacht wurden, zu und verzichtet auf Geltendmachung jeglicher Verg\u00fctung. \u00c4nderungen, Erg\u00e4nzungen oder Erweiterungen des Vertrages bed\u00fcrfen der Schriftform. Alle Angebote freibleibend, Irrt\u00fcmer und Fehler vorbehalten.<\/p>\n<h6>12. Schlussbestimmung, Salvatorische Klausel<\/h6>\n<p>Bei Unwirksamkeit einer der vorstehenden Bedingungen bleibt die Wirksamkeit der \u00dcbrigen unber\u00fchrt. Die unwirksame Regelung ist durch eine wirksame zu ersetzen, die dem wirtschaftlichen Zweck der betreffenden Formulierung am n\u00e4chsten kommt.<br \/>Als Gerichtsstand gilt Gera.<\/p>\n<p>Stand: 01.01.2022<\/p>\n<p><a href=\"https:\/\/xn--hundepension-zoitzmhle-bmc.de\/wp-content\/uploads\/2022\/01\/AGB-2022.pdf\" target=\"_blank\" rel=\"noopener\">AGB\u00a0Hundepension<\/a><\/p>\n<\/div>\n<\/div>\n<\/div>\n\n\n<p><\/p>\n","protected":false},"excerpt":{"rendered":"<p>AGB \u2013 Allgemeine Gesch\u00e4ftsbedingungen der Hundepension Zoitzm\u00fchle 1. Allgemeines Die Gesch\u00e4ftsbedingungen der Hundepension Zoitzm\u00fchle, im folgenden auch Tierbetreuer genannt, gelten sowohl f\u00fcr Gasthunde der Hundepension als auch f\u00fcr Hunde in der Tagesbetreuung.F\u00fcr die Aufnahme und Betreuung Ihres Hundes in der Hundepension Zoitzm\u00fchle sind der Abschluss eines Betreuungsvertrages sowie Angaben zum Hund notwendig. 2. Aufnahme Der &hellip; <\/p>\n<p class=\"link-more\"><a href=\"https:\/\/xn--hundepension-zoitzmhle-bmc.de\/?page_id=32\" class=\"more-link\"><span class=\"screen-reader-text\">\u201eAllgemeine Gesch\u00e4ftsbedingungen\u201c <\/span>weiterlesen<\/a><\/p>\n","protected":false},"author":1,"featured_media":0,"parent":0,"menu_order":0,"comment_status":"closed","ping_status":"closed","template":"","meta":{"footnotes":""},"class_list":["post-32","page","type-page","status-publish","hentry"],"_links":{"self":[{"href":"https:\/\/xn--hundepension-zoitzmhle-bmc.de\/index.php?rest_route=\/wp\/v2\/pages\/32","targetHints":{"allow":["GET"]}}],"collection":[{"href":"https:\/\/xn--hundepension-zoitzmhle-bmc.de\/index.php?rest_route=\/wp\/v2\/pages"}],"about":[{"href":"https:\/\/xn--hundepension-zoitzmhle-bmc.de\/index.php?rest_route=\/wp\/v2\/types\/page"}],"author":[{"embeddable":true,"href":"https:\/\/xn--hundepension-zoitzmhle-bmc.de\/index.php?rest_route=\/wp\/v2\/users\/1"}],"replies":[{"embeddable":true,"href":"https:\/\/xn--hundepension-zoitzmhle-bmc.de\/index.php?rest_route=%2Fwp%2Fv2%2Fcomments&post=32"}],"version-history":[{"count":13,"href":"https:\/\/xn--hundepension-zoitzmhle-bmc.de\/index.php?rest_route=\/wp\/v2\/pages\/32\/revisions"}],"predecessor-version":[{"id":248,"href":"https:\/\/xn--hundepension-zoitzmhle-bmc.de\/index.php?rest_route=\/wp\/v2\/pages\/32\/revisions\/248"}],"wp:attachment":[{"href":"https:\/\/xn--hundepension-zoitzmhle-bmc.de\/index.php?rest_route=%2Fwp%2Fv2%2Fmedia&parent=32"}],"curies":[{"name":"wp","href":"https:\/\/api.w.org\/{rel}","templated":true}]}}